{"id":4087,"date":"2023-03-30T16:14:20","date_gmt":"2023-03-30T21:14:20","guid":{"rendered":"https:\/\/hotelsalbagroup.com\/?page_id=4087"},"modified":"2023-12-29T10:03:53","modified_gmt":"2023-12-29T15:03:53","slug":"bar-e-restaurante","status":"publish","type":"page","link":"https:\/\/hotelsalbagroup.com\/hotel-alba-wdp\/pt\/bar-e-restaurante\/","title":{"rendered":"Bar e Restaurante"},"content":{"rendered":"\t\t<div data-elementor-type=\"wp-page\" data-elementor-id=\"4087\" class=\"elementor elementor-4087\">\n\t\t\t\t\t\t\t\t\t<section class=\"elementor-section elementor-top-section elementor-element elementor-element-412ff1cb elementor-section-stretched elementor-section-height-min-height elementor-section-boxed elementor-section-height-default elementor-section-items-middle\" data-id=\"412ff1cb\" data-element_type=\"section\" data-settings=\"{&quot;stretch_section&quot;:&quot;section-stretched&quot;,&quot;background_background&quot;:&quot;classic&quot;,&quot;hoteller_ext_is_background_parallax&quot;:&quot;false&quot;,&quot;hoteller_ext_is_background_on_scroll&quot;:&quot;false&quot;}\">\n\t\t\t\t\t\t\t<div class=\"elementor-background-overlay\"><\/div>\n\t\t\t\t\t\t\t<div class=\"elementor-container elementor-column-gap-default\">\n\t\t\t\t\t<div class=\"elementor-column elementor-col-100 elementor-top-column elementor-element elementor-element-7b57477c\" data-id=\"7b57477c\" data-element_type=\"column\" data-settings=\"{&quot;hoteller_ext_link_sidemenu&quot;:&quot;false&quot;,&quot;hoteller_ext_link_fullmenu&quot;:&quot;false&quot;,&quot;hoteller_ext_link_closed_fullmenu&quot;:&quot;false&quot;,&quot;hoteller_ext_is_scrollme&quot;:&quot;false&quot;,&quot;hoteller_ext_is_smoove&quot;:&quot;false&quot;,&quot;hoteller_ext_is_parallax_mouse&quot;:&quot;false&quot;,&quot;hoteller_ext_is_infinite&quot;:&quot;false&quot;,&quot;hoteller_ext_is_fadeout_animation&quot;:&quot;false&quot;,&quot;hoteller_ext_mobile_static&quot;:&quot;false&quot;}\">\n\t\t\t<div class=\"elementor-widget-wrap elementor-element-populated\">\n\t\t\t\t\t\t\t\t<div class=\"elementor-element elementor-element-2e0479a1 elementor-invisible elementor-widget elementor-widget-heading\" data-id=\"2e0479a1\" data-element_type=\"widget\" data-settings=\"{&quot;_animation&quot;:&quot;fadeIn&quot;,&quot;hoteller_ext_link_sidemenu&quot;:&quot;false&quot;,&quot;hoteller_ext_link_fullmenu&quot;:&quot;false&quot;,&quot;hoteller_ext_link_closed_fullmenu&quot;:&quot;false&quot;,&quot;hoteller_ext_is_scrollme&quot;:&quot;false&quot;,&quot;hoteller_ext_is_smoove&quot;:&quot;false&quot;,&quot;hoteller_ext_is_parallax_mouse&quot;:&quot;false&quot;,&quot;hoteller_ext_is_infinite&quot;:&quot;false&quot;,&quot;hoteller_ext_is_fadeout_animation&quot;:&quot;false&quot;,&quot;hoteller_ext_mobile_static&quot;:&quot;false&quot;}\" data-widget_type=\"heading.default\">\n\t\t\t\t<div class=\"elementor-widget-container\">\n\t\t\t<style>\/*! elementor - v3.14.0 - 26-06-2023 *\/\n.elementor-heading-title{padding:0;margin:0;line-height:1}.elementor-widget-heading .elementor-heading-title[class*=elementor-size-]>a{color:inherit;font-size:inherit;line-height:inherit}.elementor-widget-heading .elementor-heading-title.elementor-size-small{font-size:15px}.elementor-widget-heading .elementor-heading-title.elementor-size-medium{font-size:19px}.elementor-widget-heading .elementor-heading-title.elementor-size-large{font-size:29px}.elementor-widget-heading .elementor-heading-title.elementor-size-xl{font-size:39px}.elementor-widget-heading .elementor-heading-title.elementor-size-xxl{font-size:59px}<\/style><h1 class=\"elementor-heading-title elementor-size-default\">Bar e Restaurante<\/h1>\t\t<\/div>\n\t\t\t\t<\/div>\n\t\t\t\t\t<\/div>\n\t\t<\/div>\n\t\t\t\t\t\t\t<\/div>\n\t\t<\/section>\n\t\t\t\t<section class=\"elementor-section elementor-top-section elementor-element elementor-element-5c6a2c72 elementor-section-boxed elementor-section-height-default elementor-section-height-default\" data-id=\"5c6a2c72\" data-element_type=\"section\" data-settings=\"{&quot;hoteller_ext_is_background_parallax&quot;:&quot;false&quot;,&quot;hoteller_ext_is_background_on_scroll&quot;:&quot;false&quot;}\">\n\t\t\t\t\t\t<div class=\"elementor-container elementor-column-gap-default\">\n\t\t\t\t\t<div class=\"elementor-column elementor-col-100 elementor-top-column elementor-element elementor-element-197cb506\" data-id=\"197cb506\" data-element_type=\"column\" data-settings=\"{&quot;hoteller_ext_link_sidemenu&quot;:&quot;false&quot;,&quot;hoteller_ext_link_fullmenu&quot;:&quot;false&quot;,&quot;hoteller_ext_link_closed_fullmenu&quot;:&quot;false&quot;,&quot;hoteller_ext_is_scrollme&quot;:&quot;false&quot;,&quot;hoteller_ext_is_smoove&quot;:&quot;false&quot;,&quot;hoteller_ext_is_parallax_mouse&quot;:&quot;false&quot;,&quot;hoteller_ext_is_infinite&quot;:&quot;false&quot;,&quot;hoteller_ext_is_fadeout_animation&quot;:&quot;false&quot;,&quot;hoteller_ext_mobile_static&quot;:&quot;false&quot;}\">\n\t\t\t<div class=\"elementor-widget-wrap elementor-element-populated\">\n\t\t\t\t\t\t\t\t<div class=\"elementor-element elementor-element-7a7d4ee elementor-widget elementor-widget-text-editor\" data-id=\"7a7d4ee\" data-element_type=\"widget\" data-settings=\"{&quot;hoteller_ext_link_sidemenu&quot;:&quot;false&quot;,&quot;hoteller_ext_link_fullmenu&quot;:&quot;false&quot;,&quot;hoteller_ext_link_closed_fullmenu&quot;:&quot;false&quot;,&quot;hoteller_ext_is_scrollme&quot;:&quot;false&quot;,&quot;hoteller_ext_is_smoove&quot;:&quot;false&quot;,&quot;hoteller_ext_is_parallax_mouse&quot;:&quot;false&quot;,&quot;hoteller_ext_is_infinite&quot;:&quot;false&quot;,&quot;hoteller_ext_is_fadeout_animation&quot;:&quot;false&quot;,&quot;hoteller_ext_mobile_static&quot;:&quot;false&quot;}\" data-widget_type=\"text-editor.default\">\n\t\t\t\t<div class=\"elementor-widget-container\">\n\t\t\t<style>\/*! elementor - v3.14.0 - 26-06-2023 *\/\n.elementor-widget-text-editor.elementor-drop-cap-view-stacked .elementor-drop-cap{background-color:#69727d;color:#fff}.elementor-widget-text-editor.elementor-drop-cap-view-framed .elementor-drop-cap{color:#69727d;border:3px solid;background-color:transparent}.elementor-widget-text-editor:not(.elementor-drop-cap-view-default) .elementor-drop-cap{margin-top:8px}.elementor-widget-text-editor:not(.elementor-drop-cap-view-default) .elementor-drop-cap-letter{width:1em;height:1em}.elementor-widget-text-editor .elementor-drop-cap{float:left;text-align:center;line-height:1;font-size:50px}.elementor-widget-text-editor .elementor-drop-cap-letter{display:inline-block}<\/style>\t\t\t\t<p>NOSSA FILOSOFIA<\/p>\t\t\t\t\t\t<\/div>\n\t\t\t\t<\/div>\n\t\t\t\t<div class=\"elementor-element elementor-element-f095151 elementor-invisible elementor-widget elementor-widget-text-editor\" data-id=\"f095151\" data-element_type=\"widget\" data-settings=\"{&quot;_animation&quot;:&quot;fadeIn&quot;,&quot;hoteller_ext_link_sidemenu&quot;:&quot;false&quot;,&quot;hoteller_ext_link_fullmenu&quot;:&quot;false&quot;,&quot;hoteller_ext_link_closed_fullmenu&quot;:&quot;false&quot;,&quot;hoteller_ext_is_scrollme&quot;:&quot;false&quot;,&quot;hoteller_ext_is_smoove&quot;:&quot;false&quot;,&quot;hoteller_ext_is_parallax_mouse&quot;:&quot;false&quot;,&quot;hoteller_ext_is_infinite&quot;:&quot;false&quot;,&quot;hoteller_ext_is_fadeout_animation&quot;:&quot;false&quot;,&quot;hoteller_ext_mobile_static&quot;:&quot;false&quot;}\" data-widget_type=\"text-editor.default\">\n\t\t\t\t<div class=\"elementor-widget-container\">\n\t\t\t\t\t\t\t<p class=\"p1\" style=\"font-size: 23px;\"><span class=\"s1\" style=\"color: #8d6c4a;\"><i>\u201cCriar um sabor \u00fanico \u00e9 uma bela mistura de natureza e aprendizado. Usamos os melhores ingredientes locais que podem ser encontrados e trazemos t\u00e9cnica e experi\u00eancia de todo o mundo para criar uma experi\u00eancia culin\u00e1ria espetacular.\u201d\n<\/i><\/span><\/p>\t\t\t\t\t\t<\/div>\n\t\t\t\t<\/div>\n\t\t\t\t\t<\/div>\n\t\t<\/div>\n\t\t\t\t\t\t\t<\/div>\n\t\t<\/section>\n\t\t\t\t<section class=\"elementor-section elementor-top-section elementor-element elementor-element-753641a0 elementor-section-stretched elementor-section-full_width elementor-section-height-default elementor-section-height-default\" data-id=\"753641a0\" data-element_type=\"section\" data-settings=\"{&quot;stretch_section&quot;:&quot;section-stretched&quot;,&quot;hoteller_ext_is_background_parallax&quot;:&quot;false&quot;,&quot;hoteller_ext_is_background_on_scroll&quot;:&quot;false&quot;}\">\n\t\t\t\t\t\t<div class=\"elementor-container elementor-column-gap-default\">\n\t\t\t\t\t<div class=\"elementor-column elementor-col-100 elementor-top-column elementor-element elementor-element-46a0b1a3\" data-id=\"46a0b1a3\" data-element_type=\"column\" data-settings=\"{&quot;hoteller_ext_link_sidemenu&quot;:&quot;false&quot;,&quot;hoteller_ext_link_fullmenu&quot;:&quot;false&quot;,&quot;hoteller_ext_link_closed_fullmenu&quot;:&quot;false&quot;,&quot;hoteller_ext_is_scrollme&quot;:&quot;false&quot;,&quot;hoteller_ext_is_smoove&quot;:&quot;false&quot;,&quot;hoteller_ext_is_parallax_mouse&quot;:&quot;false&quot;,&quot;hoteller_ext_is_infinite&quot;:&quot;false&quot;,&quot;hoteller_ext_is_fadeout_animation&quot;:&quot;false&quot;,&quot;hoteller_ext_mobile_static&quot;:&quot;false&quot;}\">\n\t\t\t<div class=\"elementor-widget-wrap elementor-element-populated\">\n\t\t\t\t\t\t\t\t<div class=\"elementor-element elementor-element-29261851 elementor-widget elementor-widget-hoteller-slider-property-clip\" data-id=\"29261851\" data-element_type=\"widget\" data-settings=\"{&quot;hoteller_ext_link_sidemenu&quot;:&quot;false&quot;,&quot;hoteller_ext_link_fullmenu&quot;:&quot;false&quot;,&quot;hoteller_ext_link_closed_fullmenu&quot;:&quot;false&quot;,&quot;hoteller_ext_is_scrollme&quot;:&quot;false&quot;,&quot;hoteller_ext_is_smoove&quot;:&quot;false&quot;,&quot;hoteller_ext_is_parallax_mouse&quot;:&quot;false&quot;,&quot;hoteller_ext_is_infinite&quot;:&quot;false&quot;,&quot;hoteller_ext_is_fadeout_animation&quot;:&quot;false&quot;,&quot;hoteller_ext_mobile_static&quot;:&quot;false&quot;}\" data-widget_type=\"hoteller-slider-property-clip.default\">\n\t\t\t\t<div class=\"elementor-widget-container\">\n\t\t\t<section class=\"tg_slider_property_clip_wrapper intro\">\n\t<div class=\"content right\">\n        <div>\n\t        \t\t    \t    \t<h1>DRAKE<\/h1>\n\t    \t\t\t    <p style=\"font-size: 20px;padding-top: 0em\">Cada mordida \u00e9 uma mem\u00f3ria<\/p><p>Antes de sair para explorar as ruas fantasticas de Cartagena, a Casa de Alba convida voc\u00ea para a sala de jantar intimista DRAKE para uma experi\u00eancia gastron\u00f4mica caribenha de alto n\u00edvel. Cada prato \u00e9 cuidadosamente preparado para que cada mordida em Cartagena seja uma lembran\u00e7a e selecionada por algumas das melhores mentes culin\u00e1rias da regi\u00e3o. Embarque em uma jornada pelos sabores caribenhos de influ\u00eancia global, experimentando o melhor da produ\u00e7\u00e3o local para uma viagem de degusta\u00e7\u00e3o \u00fanica.<\/p>\t\t<\/div>\n    <\/div>\n    <div class=\"slider left\">\n        <ul>\n\t\t\t<li class=\"tg_horizontal_gallery_cell\" style=\"background-image:url(https:\/\/hotelsalbagroup.com\/hotel-alba-wdp\/wp-content\/uploads\/2023\/03\/bar-1.jpg);\"><\/li>\n\t\t\t<li class=\"tg_horizontal_gallery_cell\" style=\"background-image:url(https:\/\/hotelsalbagroup.com\/hotel-alba-wdp\/wp-content\/uploads\/2023\/03\/bar-2.jpg);\"><\/li>\n\t\t\t<li class=\"tg_horizontal_gallery_cell\" style=\"background-image:url(https:\/\/hotelsalbagroup.com\/hotel-alba-wdp\/wp-content\/uploads\/2023\/03\/bar-3.jpg);\"><\/li>\n\t        <\/ul>\n        \n        <ul>\n\t        <nav>\n\t\t\t<a href=\"javascript:;\"><\/a>\n\t\t\t<a href=\"javascript:;\"><\/a>\n\t\t\t<a href=\"javascript:;\"><\/a>\n\t\t        <\/nav>\n        <\/ul>\n    <\/div>\n<\/section>\n\t\t<\/div>\n\t\t\t\t<\/div>\n\t\t\t\t\t<\/div>\n\t\t<\/div>\n\t\t\t\t\t\t\t<\/div>\n\t\t<\/section>\n\t\t\t\t<section class=\"elementor-section elementor-top-section elementor-element elementor-element-5fd1bc3b elementor-section-stretched elementor-section-full_width elementor-section-height-default elementor-section-height-default\" data-id=\"5fd1bc3b\" data-element_type=\"section\" data-settings=\"{&quot;stretch_section&quot;:&quot;section-stretched&quot;,&quot;hoteller_ext_is_background_parallax&quot;:&quot;false&quot;,&quot;hoteller_ext_is_background_on_scroll&quot;:&quot;false&quot;}\">\n\t\t\t\t\t\t<div class=\"elementor-container elementor-column-gap-default\">\n\t\t\t\t\t<div class=\"elementor-column elementor-col-100 elementor-top-column elementor-element elementor-element-f69c075\" data-id=\"f69c075\" data-element_type=\"column\" data-settings=\"{&quot;hoteller_ext_link_sidemenu&quot;:&quot;false&quot;,&quot;hoteller_ext_link_fullmenu&quot;:&quot;false&quot;,&quot;hoteller_ext_link_closed_fullmenu&quot;:&quot;false&quot;,&quot;hoteller_ext_is_scrollme&quot;:&quot;false&quot;,&quot;hoteller_ext_is_smoove&quot;:&quot;false&quot;,&quot;hoteller_ext_is_parallax_mouse&quot;:&quot;false&quot;,&quot;hoteller_ext_is_infinite&quot;:&quot;false&quot;,&quot;hoteller_ext_is_fadeout_animation&quot;:&quot;false&quot;,&quot;hoteller_ext_mobile_static&quot;:&quot;false&quot;}\">\n\t\t\t<div class=\"elementor-widget-wrap elementor-element-populated\">\n\t\t\t\t\t\t\t\t<div class=\"elementor-element elementor-element-2215a28 elementor-widget elementor-widget-hoteller-slider-property-clip\" data-id=\"2215a28\" data-element_type=\"widget\" data-settings=\"{&quot;hoteller_ext_link_sidemenu&quot;:&quot;false&quot;,&quot;hoteller_ext_link_fullmenu&quot;:&quot;false&quot;,&quot;hoteller_ext_link_closed_fullmenu&quot;:&quot;false&quot;,&quot;hoteller_ext_is_scrollme&quot;:&quot;false&quot;,&quot;hoteller_ext_is_smoove&quot;:&quot;false&quot;,&quot;hoteller_ext_is_parallax_mouse&quot;:&quot;false&quot;,&quot;hoteller_ext_is_infinite&quot;:&quot;false&quot;,&quot;hoteller_ext_is_fadeout_animation&quot;:&quot;false&quot;,&quot;hoteller_ext_mobile_static&quot;:&quot;false&quot;}\" data-widget_type=\"hoteller-slider-property-clip.default\">\n\t\t\t\t<div class=\"elementor-widget-container\">\n\t\t\t<section class=\"tg_slider_property_clip_wrapper intro\">\n\t<div class=\"content left\">\n        <div>\n\t        \t\t    \t    \t<h1>MIXOLOGIA CARIBENHA<\/h1>\n\t    \t\t\t    <p style=\"font-size: 20px;padding-top: 0em\">Cl\u00e1ssicos contempor\u00e2neos com sabores caribenhos<\/p><p>Se o que voc\u00ea procura \u00e9 um coquetel perfeitamente preparado, n\u00e3o duvide em ir ao famoso bar de Leones de Alba, El Sinatra. Drinks selecionados a dedo, criados por Camila P\u00e9rez, a melhor bartender colombiana da Am\u00e9rica do Sul, com os melhores ingredientes e destilados locais e internacionais. Comece sua noite perfeitamente, todas as noites.<\/p>\t\t<\/div>\n    <\/div>\n    <div class=\"slider right\">\n        <ul>\n\t\t\t<li class=\"tg_horizontal_gallery_cell\" style=\"background-image:url(https:\/\/hotelsalbagroup.com\/hotel-alba-wdp\/wp-content\/uploads\/2023\/03\/hotel-alba-cartagena-15.jpg);\"><\/li>\n\t\t\t<li class=\"tg_horizontal_gallery_cell\" style=\"background-image:url(https:\/\/hotelsalbagroup.com\/hotel-alba-wdp\/wp-content\/uploads\/2023\/03\/hotel-alba-cartagena-16.jpg);\"><\/li>\n\t        <\/ul>\n        \n        <ul>\n\t        <nav>\n\t\t\t<a href=\"javascript:;\"><\/a>\n\t\t\t<a href=\"javascript:;\"><\/a>\n\t\t        <\/nav>\n        <\/ul>\n    <\/div>\n<\/section>\n\t\t<\/div>\n\t\t\t\t<\/div>\n\t\t\t\t\t<\/div>\n\t\t<\/div>\n\t\t\t\t\t\t\t<\/div>\n\t\t<\/section>\n\t\t\t\t\t\t\t<\/div>\n\t\t","protected":false},"excerpt":{"rendered":"<p>Bar e Restaurante NOSSA FILOSOFIA \u201cCriar um sabor \u00fanico \u00e9 uma bela mistura de natureza e aprendizado. Usamos os melhores ingredientes locais que podem ser encontrados e trazemos t\u00e9cnica e experi\u00eancia de todo o mundo para criar uma experi\u00eancia culin\u00e1ria [&hellip;]<\/p>\n","protected":false},"author":1,"featured_media":0,"parent":0,"menu_order":0,"comment_status":"closed","ping_status":"closed","template":"","meta":{"footnotes":""},"class_list":["post-4087","page","type-page","status-publish","hentry"],"yoast_head":"<!-- This site is optimized with the Yoast SEO plugin v21.7 - https:\/\/yoast.com\/wordpress\/plugins\/seo\/ -->\n<title>Bar e Restaurante - Hotels Alba Group<\/title>\n<meta name=\"description\" content=\"Criar um sabor \u00fanico em nosso Bar e Restaurante \u00e9 uma bela mistura de natureza e aprendizado. Hot\u00e9is Alba Group uma experi\u00eancia culin\u00e1ria espetacular.\" \/>\n<meta name=\"robots\" content=\"index, follow, max-snippet:-1, max-image-preview:large, max-video-preview:-1\" \/>\n<link rel=\"canonical\" href=\"https:\/\/hotelsalbagroup.com\/hotel-alba-wdp\/pt\/bar-e-restaurante\/\" \/>\n<meta property=\"og:locale\" content=\"es_ES\" \/>\n<meta property=\"og:type\" content=\"article\" \/>\n<meta property=\"og:title\" content=\"Bar e Restaurante - Hotels Alba Group\" \/>\n<meta property=\"og:description\" content=\"Criar um sabor \u00fanico em nosso Bar e Restaurante \u00e9 uma bela mistura de natureza e aprendizado. Hot\u00e9is Alba Group uma experi\u00eancia culin\u00e1ria espetacular.\" \/>\n<meta property=\"og:url\" content=\"https:\/\/hotelsalbagroup.com\/hotel-alba-wdp\/pt\/bar-e-restaurante\/\" \/>\n<meta property=\"og:site_name\" content=\"Hotels Alba Group\" \/>\n<meta property=\"article:modified_time\" content=\"2023-12-29T15:03:53+00:00\" \/>\n<meta name=\"twitter:card\" content=\"summary_large_image\" \/>\n<meta name=\"twitter:label1\" content=\"Tiempo estimado de lectura\" \/>\n\t<meta name=\"twitter:data1\" content=\"1 minuto\" \/>\n<script type=\"application\/ld+json\" class=\"yoast-schema-graph\">{\"@context\":\"https:\/\/schema.org\",\"@graph\":[{\"@type\":\"WebPage\",\"@id\":\"https:\/\/hotelsalbagroup.com\/hotel-alba-wdp\/pt\/bar-e-restaurante\/\",\"url\":\"https:\/\/hotelsalbagroup.com\/hotel-alba-wdp\/pt\/bar-e-restaurante\/\",\"name\":\"Bar e Restaurante - Hotels Alba Group\",\"isPartOf\":{\"@id\":\"https:\/\/hotelsalbagroup.com\/hotel-alba-wdp\/#website\"},\"datePublished\":\"2023-03-30T21:14:20+00:00\",\"dateModified\":\"2023-12-29T15:03:53+00:00\",\"description\":\"Criar um sabor \u00fanico em nosso Bar e Restaurante \u00e9 uma bela mistura de natureza e aprendizado. Hot\u00e9is Alba Group uma experi\u00eancia culin\u00e1ria espetacular.\",\"breadcrumb\":{\"@id\":\"https:\/\/hotelsalbagroup.com\/hotel-alba-wdp\/pt\/bar-e-restaurante\/#breadcrumb\"},\"inLanguage\":\"es-CO\",\"potentialAction\":[{\"@type\":\"ReadAction\",\"target\":[\"https:\/\/hotelsalbagroup.com\/hotel-alba-wdp\/pt\/bar-e-restaurante\/\"]}]},{\"@type\":\"BreadcrumbList\",\"@id\":\"https:\/\/hotelsalbagroup.com\/hotel-alba-wdp\/pt\/bar-e-restaurante\/#breadcrumb\",\"itemListElement\":[{\"@type\":\"ListItem\",\"position\":1,\"name\":\"Inicio\",\"item\":\"https:\/\/hotelsalbagroup.com\/hotel-alba-wdp\/\"},{\"@type\":\"ListItem\",\"position\":2,\"name\":\"Bar e Restaurante\"}]},{\"@type\":\"WebSite\",\"@id\":\"https:\/\/hotelsalbagroup.com\/hotel-alba-wdp\/#website\",\"url\":\"https:\/\/hotelsalbagroup.com\/hotel-alba-wdp\/\",\"name\":\"Hotels Alba Group\",\"description\":\"Alba Group Boutique hotels &amp; luxury residence\",\"potentialAction\":[{\"@type\":\"SearchAction\",\"target\":{\"@type\":\"EntryPoint\",\"urlTemplate\":\"https:\/\/hotelsalbagroup.com\/hotel-alba-wdp\/?s={search_term_string}\"},\"query-input\":\"required name=search_term_string\"}],\"inLanguage\":\"es-CO\"}]}<\/script>\n<!-- \/ Yoast SEO plugin. -->","yoast_head_json":{"title":"Bar e Restaurante - Hotels Alba Group","description":"Criar um sabor \u00fanico em nosso Bar e Restaurante \u00e9 uma bela mistura de natureza e aprendizado. Hot\u00e9is Alba Group uma experi\u00eancia culin\u00e1ria espetacular.","robots":{"index":"index","follow":"follow","max-snippet":"max-snippet:-1","max-image-preview":"max-image-preview:large","max-video-preview":"max-video-preview:-1"},"canonical":"https:\/\/hotelsalbagroup.com\/hotel-alba-wdp\/pt\/bar-e-restaurante\/","og_locale":"es_ES","og_type":"article","og_title":"Bar e Restaurante - Hotels Alba Group","og_description":"Criar um sabor \u00fanico em nosso Bar e Restaurante \u00e9 uma bela mistura de natureza e aprendizado. Hot\u00e9is Alba Group uma experi\u00eancia culin\u00e1ria espetacular.","og_url":"https:\/\/hotelsalbagroup.com\/hotel-alba-wdp\/pt\/bar-e-restaurante\/","og_site_name":"Hotels Alba Group","article_modified_time":"2023-12-29T15:03:53+00:00","twitter_card":"summary_large_image","twitter_misc":{"Tiempo estimado de lectura":"1 minuto"},"schema":{"@context":"https:\/\/schema.org","@graph":[{"@type":"WebPage","@id":"https:\/\/hotelsalbagroup.com\/hotel-alba-wdp\/pt\/bar-e-restaurante\/","url":"https:\/\/hotelsalbagroup.com\/hotel-alba-wdp\/pt\/bar-e-restaurante\/","name":"Bar e Restaurante - Hotels Alba Group","isPartOf":{"@id":"https:\/\/hotelsalbagroup.com\/hotel-alba-wdp\/#website"},"datePublished":"2023-03-30T21:14:20+00:00","dateModified":"2023-12-29T15:03:53+00:00","description":"Criar um sabor \u00fanico em nosso Bar e Restaurante \u00e9 uma bela mistura de natureza e aprendizado. Hot\u00e9is Alba Group uma experi\u00eancia culin\u00e1ria espetacular.","breadcrumb":{"@id":"https:\/\/hotelsalbagroup.com\/hotel-alba-wdp\/pt\/bar-e-restaurante\/#breadcrumb"},"inLanguage":"es-CO","potentialAction":[{"@type":"ReadAction","target":["https:\/\/hotelsalbagroup.com\/hotel-alba-wdp\/pt\/bar-e-restaurante\/"]}]},{"@type":"BreadcrumbList","@id":"https:\/\/hotelsalbagroup.com\/hotel-alba-wdp\/pt\/bar-e-restaurante\/#breadcrumb","itemListElement":[{"@type":"ListItem","position":1,"name":"Inicio","item":"https:\/\/hotelsalbagroup.com\/hotel-alba-wdp\/"},{"@type":"ListItem","position":2,"name":"Bar e Restaurante"}]},{"@type":"WebSite","@id":"https:\/\/hotelsalbagroup.com\/hotel-alba-wdp\/#website","url":"https:\/\/hotelsalbagroup.com\/hotel-alba-wdp\/","name":"Hotels Alba Group","description":"Alba Group Boutique hotels &amp; luxury residence","potentialAction":[{"@type":"SearchAction","target":{"@type":"EntryPoint","urlTemplate":"https:\/\/hotelsalbagroup.com\/hotel-alba-wdp\/?s={search_term_string}"},"query-input":"required name=search_term_string"}],"inLanguage":"es-CO"}]}},"_links":{"self":[{"href":"https:\/\/hotelsalbagroup.com\/hotel-alba-wdp\/wp-json\/wp\/v2\/pages\/4087","targetHints":{"allow":["GET"]}}],"collection":[{"href":"https:\/\/hotelsalbagroup.com\/hotel-alba-wdp\/wp-json\/wp\/v2\/pages"}],"about":[{"href":"https:\/\/hotelsalbagroup.com\/hotel-alba-wdp\/wp-json\/wp\/v2\/types\/page"}],"author":[{"embeddable":true,"href":"https:\/\/hotelsalbagroup.com\/hotel-alba-wdp\/wp-json\/wp\/v2\/users\/1"}],"replies":[{"embeddable":true,"href":"https:\/\/hotelsalbagroup.com\/hotel-alba-wdp\/wp-json\/wp\/v2\/comments?post=4087"}],"version-history":[{"count":13,"href":"https:\/\/hotelsalbagroup.com\/hotel-alba-wdp\/wp-json\/wp\/v2\/pages\/4087\/revisions"}],"predecessor-version":[{"id":6323,"href":"https:\/\/hotelsalbagroup.com\/hotel-alba-wdp\/wp-json\/wp\/v2\/pages\/4087\/revisions\/6323"}],"wp:attachment":[{"href":"https:\/\/hotelsalbagroup.com\/hotel-alba-wdp\/wp-json\/wp\/v2\/media?parent=4087"}],"curies":[{"name":"wp","href":"https:\/\/api.w.org\/{rel}","templated":true}]}}